{"id":5348,"date":"2017-09-04T15:08:14","date_gmt":"2017-09-04T13:08:14","guid":{"rendered":"http:\/\/www.iberiasports.com\/?page_id=5348\/"},"modified":"2025-12-02T09:45:00","modified_gmt":"2025-12-02T08:45:00","slug":"sabadell","status":"publish","type":"page","link":"https:\/\/www.iberiasports.com\/de\/trainingslager\/schwimmen\/sabadell\/","title":{"rendered":"Schwimmtrainingslager in Sabadell"},"content":{"rendered":"","protected":false},"excerpt":{"rendered":"<h5>Schwimmtrainingslager in Sabadell\u2013 der Schwimmer-Hochburg<\/h5>\n<p>Die Stadt Sabadell bietet\u00a0optimale Voraussetzungen f\u00fcr ein erfolgreiches und effektives Trainingslager. Die Schwimmanlage geh\u00f6rt zu den besten in ganz Spanien und wird das ganze Jahr \u00fcber von einer Vielzahl professioneller Athleten genutzt. Der ans\u00e4ssige Schwimmverein ist mit \u00fcber 25.000 Mitgliedern der gr\u00f6\u00dfte Kataloniens und einer der gr\u00f6\u00dften Spaniens. Die Anlage verf\u00fcgt \u00fcber einen 50m Outdoor und einen 50m, sowie einen 33 x 25 m Indoor Pool. Zus\u00e4tzliche gibt es zwei hervorragend ausgestattete Fitnessstudios und einen Crossfitraum f\u00fcr ein Landtraining.<\/p>\n","protected":false},"author":5,"featured_media":14552,"parent":3236,"menu_order":0,"comment_status":"closed","ping_status":"closed","template":"","meta":{"_acf_changed":false,"_monsterinsights_skip_tracking":false,"_monsterinsights_sitenote_active":false,"_monsterinsights_sitenote_note":"","_monsterinsights_sitenote_category":0,"footnotes":""},"class_list":["post-5348","page","type-page","status-publish","has-post-thumbnail","hentry"],"acf":[],"_links":{"self":[{"href":"https:\/\/www.iberiasports.com\/de\/wp-json\/wp\/v2\/pages\/5348","targetHints":{"allow":["GET"]}}],"collection":[{"href":"https:\/\/www.iberiasports.com\/de\/wp-json\/wp\/v2\/pages"}],"about":[{"href":"https:\/\/www.iberiasports.com\/de\/wp-json\/wp\/v2\/types\/page"}],"author":[{"embeddable":true,"href":"https:\/\/www.iberiasports.com\/de\/wp-json\/wp\/v2\/users\/5"}],"replies":[{"embeddable":true,"href":"https:\/\/www.iberiasports.com\/de\/wp-json\/wp\/v2\/comments?post=5348"}],"version-history":[{"count":9,"href":"https:\/\/www.iberiasports.com\/de\/wp-json\/wp\/v2\/pages\/5348\/revisions"}],"predecessor-version":[{"id":16495,"href":"https:\/\/www.iberiasports.com\/de\/wp-json\/wp\/v2\/pages\/5348\/revisions\/16495"}],"up":[{"embeddable":true,"href":"https:\/\/www.iberiasports.com\/de\/wp-json\/wp\/v2\/pages\/3236"}],"wp:featuredmedia":[{"embeddable":true,"href":"https:\/\/www.iberiasports.com\/de\/wp-json\/wp\/v2\/media\/14552"}],"wp:attachment":[{"href":"https:\/\/www.iberiasports.com\/de\/wp-json\/wp\/v2\/media?parent=5348"}],"curies":[{"name":"wp","href":"https:\/\/api.w.org\/{rel}","templated":true}]}}