{"id":3550,"date":"2017-08-07T15:24:11","date_gmt":"2017-08-07T13:24:11","guid":{"rendered":"http:\/\/www.iberiasports.com\/trainingslager\/tennis-trainingslager\/"},"modified":"2025-12-01T15:20:00","modified_gmt":"2025-12-01T14:20:00","slug":"tennis","status":"publish","type":"page","link":"https:\/\/www.iberiasports.com\/de\/trainingslager\/tennis\/","title":{"rendered":"Tennis Trainingslager"},"content":{"rendered":"","protected":false},"excerpt":{"rendered":"<h5>Iberia Sports bietet die besten Locations f\u00fcr Tennis Trainingslager in Katalonien<\/h5>\n<p>Tennis ist ein traditionsreicher Sport in Spanien. Mit professionellen Tennisanlagen in der ganzen Region sowie sch\u00f6nem Wetter fast das ganze Jahr \u00fcber bietet Katalonien optimale Voraussetzungen f\u00fcr ein Tennistrainingslager.<\/p>\n","protected":false},"author":9,"featured_media":12236,"parent":3210,"menu_order":0,"comment_status":"closed","ping_status":"closed","template":"","meta":{"_acf_changed":false,"_monsterinsights_skip_tracking":false,"_monsterinsights_sitenote_active":false,"_monsterinsights_sitenote_note":"","_monsterinsights_sitenote_category":0,"footnotes":""},"class_list":["post-3550","page","type-page","status-publish","has-post-thumbnail","hentry"],"acf":[],"_links":{"self":[{"href":"https:\/\/www.iberiasports.com\/de\/wp-json\/wp\/v2\/pages\/3550","targetHints":{"allow":["GET"]}}],"collection":[{"href":"https:\/\/www.iberiasports.com\/de\/wp-json\/wp\/v2\/pages"}],"about":[{"href":"https:\/\/www.iberiasports.com\/de\/wp-json\/wp\/v2\/types\/page"}],"author":[{"embeddable":true,"href":"https:\/\/www.iberiasports.com\/de\/wp-json\/wp\/v2\/users\/9"}],"replies":[{"embeddable":true,"href":"https:\/\/www.iberiasports.com\/de\/wp-json\/wp\/v2\/comments?post=3550"}],"version-history":[{"count":3,"href":"https:\/\/www.iberiasports.com\/de\/wp-json\/wp\/v2\/pages\/3550\/revisions"}],"predecessor-version":[{"id":16399,"href":"https:\/\/www.iberiasports.com\/de\/wp-json\/wp\/v2\/pages\/3550\/revisions\/16399"}],"up":[{"embeddable":true,"href":"https:\/\/www.iberiasports.com\/de\/wp-json\/wp\/v2\/pages\/3210"}],"wp:featuredmedia":[{"embeddable":true,"href":"https:\/\/www.iberiasports.com\/de\/wp-json\/wp\/v2\/media\/12236"}],"wp:attachment":[{"href":"https:\/\/www.iberiasports.com\/de\/wp-json\/wp\/v2\/media?parent=3550"}],"curies":[{"name":"wp","href":"https:\/\/api.w.org\/{rel}","templated":true}]}}