{"id":3548,"date":"2017-08-07T15:15:07","date_gmt":"2017-08-07T13:15:07","guid":{"rendered":"http:\/\/www.iberiasports.com\/trainingslager\/schwimmtrainingslager\/schwimmtrainingslager-in-mataro\/"},"modified":"2025-12-02T09:35:39","modified_gmt":"2025-12-02T08:35:39","slug":"mataro","status":"publish","type":"page","link":"https:\/\/www.iberiasports.com\/de\/trainingslager\/schwimmen\/mataro\/","title":{"rendered":"Schwimmtrainingslager in Matar\u00f3"},"content":{"rendered":"","protected":false},"excerpt":{"rendered":"<h5>Schwimmtrainingslager in Mataro \u2013 alle Voraussetzungen erf\u00fcllt<\/h5>\n<p>Matar\u00f3 befindet sich nur 30 Minuten au\u00dferhalb von Barcelona. Weitreichende Str\u00e4nde und ein ruhiges Stadtzentrum bieten beste Voraussetzungen sich auf das Wichtigste zu konzentrieren \u2013 den Sport. Wenn Freizeitaktivit\u00e4ten in die Reise miteinbezogen werden sollen bietet die nahegelegene Stadt Barcelona die optimale Gelegenheit f\u00fcr Sightseeing und Nachtleben. Matar\u00f3 verf\u00fcgt \u00fcber ein erstklassiges Schwimmbad, das extra f\u00fcr die Olympischen Spiele 1992 erbaut wurde und auch mit heutigen Standards ohne Weiteres mithalten kann. Unsere 3- und 4-Sterne Unterk\u00fcnfte befinden sich in Gehdistanz zur Trainingsanlage, was optimale Konditionen f\u00fcr ein erfolgreiches Trainingslager schafft. <\/p>\n","protected":false},"author":9,"featured_media":14552,"parent":3236,"menu_order":0,"comment_status":"closed","ping_status":"closed","template":"","meta":{"_acf_changed":false,"_monsterinsights_skip_tracking":false,"_monsterinsights_sitenote_active":false,"_monsterinsights_sitenote_note":"","_monsterinsights_sitenote_category":0,"footnotes":""},"class_list":["post-3548","page","type-page","status-publish","has-post-thumbnail","hentry"],"acf":[],"_links":{"self":[{"href":"https:\/\/www.iberiasports.com\/de\/wp-json\/wp\/v2\/pages\/3548","targetHints":{"allow":["GET"]}}],"collection":[{"href":"https:\/\/www.iberiasports.com\/de\/wp-json\/wp\/v2\/pages"}],"about":[{"href":"https:\/\/www.iberiasports.com\/de\/wp-json\/wp\/v2\/types\/page"}],"author":[{"embeddable":true,"href":"https:\/\/www.iberiasports.com\/de\/wp-json\/wp\/v2\/users\/9"}],"replies":[{"embeddable":true,"href":"https:\/\/www.iberiasports.com\/de\/wp-json\/wp\/v2\/comments?post=3548"}],"version-history":[{"count":4,"href":"https:\/\/www.iberiasports.com\/de\/wp-json\/wp\/v2\/pages\/3548\/revisions"}],"predecessor-version":[{"id":16491,"href":"https:\/\/www.iberiasports.com\/de\/wp-json\/wp\/v2\/pages\/3548\/revisions\/16491"}],"up":[{"embeddable":true,"href":"https:\/\/www.iberiasports.com\/de\/wp-json\/wp\/v2\/pages\/3236"}],"wp:featuredmedia":[{"embeddable":true,"href":"https:\/\/www.iberiasports.com\/de\/wp-json\/wp\/v2\/media\/14552"}],"wp:attachment":[{"href":"https:\/\/www.iberiasports.com\/de\/wp-json\/wp\/v2\/media?parent=3548"}],"curies":[{"name":"wp","href":"https:\/\/api.w.org\/{rel}","templated":true}]}}