{"id":3542,"date":"2017-08-07T14:42:55","date_gmt":"2017-08-07T12:42:55","guid":{"rendered":"http:\/\/www.iberiasports.com\/trainingslager\/rugby-trainingslager\/"},"modified":"2025-12-01T15:21:31","modified_gmt":"2025-12-01T14:21:31","slug":"rugby","status":"publish","type":"page","link":"https:\/\/www.iberiasports.com\/de\/trainingslager\/rugby\/","title":{"rendered":"Rugby Trainingslager"},"content":{"rendered":"","protected":false},"excerpt":{"rendered":"<h5>Iberia Sports bietet die besten Locations f\u00fcr Rugby Trainingslager in Katalonien<\/h5>\n<p>Katalonien mit seiner Vielzahl an qualitativ hochwertigen Sportanlagen und einer endlosen Liste an Freizeitaktivit\u00e4ten bietet die optimalen Voraussetzungen f\u00fcr effektives Training und gutes Teambuilding. Das gute Wetter und die wundersch\u00f6ne Costa Brava machen das Trainingslager zu einem unvergesslichen Trip f\u00fcr das ganze Team. <\/p>\n","protected":false},"author":9,"featured_media":14541,"parent":3210,"menu_order":0,"comment_status":"closed","ping_status":"closed","template":"","meta":{"_acf_changed":false,"_monsterinsights_skip_tracking":false,"_monsterinsights_sitenote_active":false,"_monsterinsights_sitenote_note":"","_monsterinsights_sitenote_category":0,"footnotes":""},"class_list":["post-3542","page","type-page","status-publish","has-post-thumbnail","hentry"],"acf":[],"_links":{"self":[{"href":"https:\/\/www.iberiasports.com\/de\/wp-json\/wp\/v2\/pages\/3542","targetHints":{"allow":["GET"]}}],"collection":[{"href":"https:\/\/www.iberiasports.com\/de\/wp-json\/wp\/v2\/pages"}],"about":[{"href":"https:\/\/www.iberiasports.com\/de\/wp-json\/wp\/v2\/types\/page"}],"author":[{"embeddable":true,"href":"https:\/\/www.iberiasports.com\/de\/wp-json\/wp\/v2\/users\/9"}],"replies":[{"embeddable":true,"href":"https:\/\/www.iberiasports.com\/de\/wp-json\/wp\/v2\/comments?post=3542"}],"version-history":[{"count":3,"href":"https:\/\/www.iberiasports.com\/de\/wp-json\/wp\/v2\/pages\/3542\/revisions"}],"predecessor-version":[{"id":16400,"href":"https:\/\/www.iberiasports.com\/de\/wp-json\/wp\/v2\/pages\/3542\/revisions\/16400"}],"up":[{"embeddable":true,"href":"https:\/\/www.iberiasports.com\/de\/wp-json\/wp\/v2\/pages\/3210"}],"wp:featuredmedia":[{"embeddable":true,"href":"https:\/\/www.iberiasports.com\/de\/wp-json\/wp\/v2\/media\/14541"}],"wp:attachment":[{"href":"https:\/\/www.iberiasports.com\/de\/wp-json\/wp\/v2\/media?parent=3542"}],"curies":[{"name":"wp","href":"https:\/\/api.w.org\/{rel}","templated":true}]}}