{"id":3540,"date":"2017-08-07T14:37:46","date_gmt":"2017-08-07T12:37:46","guid":{"rendered":"http:\/\/www.iberiasports.com\/trainingslager\/handball-trainingslager\/handball-trainingslager-in-lloret-de-mar\/"},"modified":"2025-12-01T16:57:04","modified_gmt":"2025-12-01T15:57:04","slug":"lloret-de-mar","status":"publish","type":"page","link":"https:\/\/www.iberiasports.com\/de\/trainingslager\/handball\/lloret-de-mar\/","title":{"rendered":"Handball Trainingslager in Lloret de Mar"},"content":{"rendered":"","protected":false},"excerpt":{"rendered":"<h5>Handball Trainingslager in Lloret de Mar<\/h5>\n<p>Diese ber\u00fchmte K\u00fcstenstadt der Costa Brava hat weit mehr zu bieten als nur Massenturismus. Eine k\u00fcrzlich erbaute Sportanlage bietet beste Voraussetzungen f\u00fcr ein Trainingslager. Die von uns auf angemessene Standards gepr\u00fcften 3- und 4-Sterne Hotels vor Ort bieten eine komfortable Unterkunft. Hinzu kommt die unmittelbare Strandn\u00e4he, die ein perfektes Trainingslager vollends abrundet.<\/p>\n","protected":false},"author":9,"featured_media":14920,"parent":3536,"menu_order":0,"comment_status":"closed","ping_status":"closed","template":"","meta":{"_acf_changed":false,"_monsterinsights_skip_tracking":false,"_monsterinsights_sitenote_active":false,"_monsterinsights_sitenote_note":"","_monsterinsights_sitenote_category":0,"footnotes":""},"class_list":["post-3540","page","type-page","status-publish","has-post-thumbnail","hentry"],"acf":[],"_links":{"self":[{"href":"https:\/\/www.iberiasports.com\/de\/wp-json\/wp\/v2\/pages\/3540","targetHints":{"allow":["GET"]}}],"collection":[{"href":"https:\/\/www.iberiasports.com\/de\/wp-json\/wp\/v2\/pages"}],"about":[{"href":"https:\/\/www.iberiasports.com\/de\/wp-json\/wp\/v2\/types\/page"}],"author":[{"embeddable":true,"href":"https:\/\/www.iberiasports.com\/de\/wp-json\/wp\/v2\/users\/9"}],"replies":[{"embeddable":true,"href":"https:\/\/www.iberiasports.com\/de\/wp-json\/wp\/v2\/comments?post=3540"}],"version-history":[{"count":3,"href":"https:\/\/www.iberiasports.com\/de\/wp-json\/wp\/v2\/pages\/3540\/revisions"}],"predecessor-version":[{"id":16441,"href":"https:\/\/www.iberiasports.com\/de\/wp-json\/wp\/v2\/pages\/3540\/revisions\/16441"}],"up":[{"embeddable":true,"href":"https:\/\/www.iberiasports.com\/de\/wp-json\/wp\/v2\/pages\/3536"}],"wp:featuredmedia":[{"embeddable":true,"href":"https:\/\/www.iberiasports.com\/de\/wp-json\/wp\/v2\/media\/14920"}],"wp:attachment":[{"href":"https:\/\/www.iberiasports.com\/de\/wp-json\/wp\/v2\/media?parent=3540"}],"curies":[{"name":"wp","href":"https:\/\/api.w.org\/{rel}","templated":true}]}}