{"id":3536,"date":"2017-08-07T14:34:04","date_gmt":"2017-08-07T12:34:04","guid":{"rendered":"http:\/\/www.iberiasports.com\/trainingslager\/handball-trainingslager\/"},"modified":"2025-12-01T15:14:12","modified_gmt":"2025-12-01T14:14:12","slug":"handball","status":"publish","type":"page","link":"https:\/\/www.iberiasports.com\/de\/trainingslager\/handball\/","title":{"rendered":"Handball Trainingslager"},"content":{"rendered":"","protected":false},"excerpt":{"rendered":"<h5>Iberia Sports bietet die besten Locations f\u00fcr Handball Trainingslager in Katalonien<\/h5>\n<p>Handball ist ein sehr traditionsreicher Sport in Katalonien, weshalb man hier eine Vielzahl erstklassiger Handballanlagen vorfindet. Viele erfolgreiche Teams, wie der FC Barcelona, spiegeln die Wichtigkeit und Qualit\u00e4t dieses Sports in Katalonien wider. Gute Sportanlagen zusammen mit der n\u00f6tigen Leidenschaft f\u00fcr den Sport selbst \u2013 die perfekten Voraussetzungen f\u00fcr ein unvergessliches Trainingslager.<\/p>\n","protected":false},"author":9,"featured_media":0,"parent":3210,"menu_order":0,"comment_status":"closed","ping_status":"closed","template":"","meta":{"_acf_changed":false,"_monsterinsights_skip_tracking":false,"_monsterinsights_sitenote_active":false,"_monsterinsights_sitenote_note":"","_monsterinsights_sitenote_category":0,"footnotes":""},"class_list":["post-3536","page","type-page","status-publish","hentry"],"acf":[],"_links":{"self":[{"href":"https:\/\/www.iberiasports.com\/de\/wp-json\/wp\/v2\/pages\/3536","targetHints":{"allow":["GET"]}}],"collection":[{"href":"https:\/\/www.iberiasports.com\/de\/wp-json\/wp\/v2\/pages"}],"about":[{"href":"https:\/\/www.iberiasports.com\/de\/wp-json\/wp\/v2\/types\/page"}],"author":[{"embeddable":true,"href":"https:\/\/www.iberiasports.com\/de\/wp-json\/wp\/v2\/users\/9"}],"replies":[{"embeddable":true,"href":"https:\/\/www.iberiasports.com\/de\/wp-json\/wp\/v2\/comments?post=3536"}],"version-history":[{"count":3,"href":"https:\/\/www.iberiasports.com\/de\/wp-json\/wp\/v2\/pages\/3536\/revisions"}],"predecessor-version":[{"id":16398,"href":"https:\/\/www.iberiasports.com\/de\/wp-json\/wp\/v2\/pages\/3536\/revisions\/16398"}],"up":[{"embeddable":true,"href":"https:\/\/www.iberiasports.com\/de\/wp-json\/wp\/v2\/pages\/3210"}],"wp:attachment":[{"href":"https:\/\/www.iberiasports.com\/de\/wp-json\/wp\/v2\/media?parent=3536"}],"curies":[{"name":"wp","href":"https:\/\/api.w.org\/{rel}","templated":true}]}}