{"id":3525,"date":"2017-08-07T14:11:11","date_gmt":"2017-08-07T12:11:11","guid":{"rendered":"http:\/\/www.iberiasports.com\/trainingslager\/fusball-trainingslager\/fusball-trainingslager-in-barcelona\/"},"modified":"2025-12-01T16:07:06","modified_gmt":"2025-12-01T15:07:06","slug":"barcelona","status":"publish","type":"page","link":"https:\/\/www.iberiasports.com\/de\/trainingslager\/fusball\/barcelona\/","title":{"rendered":"Fu\u00dfballtrainingslager in Barcelona"},"content":{"rendered":"","protected":false},"excerpt":{"rendered":"<h4>Fussballtrainingslager Barcelona &#8211; Was hat Barcelona zu bieten?\u00a0<\/h4>\n<p>\u00a0<\/p>\n<h5>Sport<\/h5>\n<p>Sp\u00e4testens seit den olympischen Sommerspielen 1992 ist Barcelona aus der Welt des Sports nicht mehr von der Landkarte zu streichen. Angefangen bei den schier unz\u00e4hligen Amateurvereinen jeglicher Sportarten bis hin zum grossen FC Barcelona bleibt keine Sportanlage ungenutzt. Der Ehrgeiz der Spanier beim Sport ist international ber\u00fchmt, was dazu beitr\u00e4gt, dass der Sport eine grosse Anziehungskraft auf Touristen aus\u00fcbt. Wer die Chance hat ein Spiel des FC Barcelona live im ber\u00fchmten Camp Nou zu erleben, sollte dies unbedingt tun. Auch ausserhalb des Fussballs gibt es etliche Dinge zu sehen. Ein Spaziergang \u00fcber die olympischen Anlagen auf dem Mont Juic, dem Hausberg Barcelonas ist absolut sehenswert.<\/p>\n<h5>Gastronomie<\/h5>\n<p>Die mediterrane K\u00fcche gilt als sehr gesund und reichhaltig. Die katalanische K\u00fcche ist international eine der angesehensten. Alleine in Barcelona gibt es \u00fcber 20 Restaurants mit Michelin Sternen. Hier kommt wirklich jeder auf den Geschmack!<\/p>\n<h5>Shopping<\/h5>\n<p>Barcelona verf\u00fcgt \u00fcber eine einzigartige Shoppingkultur. Vom unteren Teil des Hafens angefangen bei den Ramblas \u00fcber die Avinguda del Portal del Angel, dem Plaza Catalunya bis ans obere Ende des Passeig de Gracia findet man \u00fcber 300 L\u00e4den und Boutiquen die alle international bekannten Marken sowie individuelle Stores und Boutiquen vereinen. Wer in Barcelona nichts findet was ihm gef\u00e4llt, der findet es anderswo erst recht nicht.<\/p>\n<h5>Sehensw\u00fcrdigkeiten<\/h5>\n<p>Barcelona ist die Stadt der endlosen Sehensw\u00fcrdigkeiten. Die bekanntesten sind die Sagrada Familia, der Parc Guell, der Hausberg Mont Juic, der Tibidabo mit seinem Freizeitpark, der Parc de la Ciutadella, die Gaudih\u00e4user Casa Batll\u00f3 und la Pedrera, der Zoo de Barcelona, las Ramblas und etliche mehr. Etwa die H\u00e4lfte der Sehensw\u00fcrdigkeiten verlangt Eintritt. Dieser ist meistens in Voraus und Online g\u00fcnstiger bezahlbar als an der Kasse vor Ort. Daher empfiehlt es sich im Voraus die Dinge zu buchen die man sich anschauen m\u00f6chte.<\/p>\n","protected":false},"author":9,"featured_media":7350,"parent":3523,"menu_order":0,"comment_status":"closed","ping_status":"closed","template":"","meta":{"_acf_changed":false,"_monsterinsights_skip_tracking":false,"_monsterinsights_sitenote_active":false,"_monsterinsights_sitenote_note":"","_monsterinsights_sitenote_category":0,"footnotes":""},"class_list":["post-3525","page","type-page","status-publish","has-post-thumbnail","hentry"],"acf":[],"_links":{"self":[{"href":"https:\/\/www.iberiasports.com\/de\/wp-json\/wp\/v2\/pages\/3525","targetHints":{"allow":["GET"]}}],"collection":[{"href":"https:\/\/www.iberiasports.com\/de\/wp-json\/wp\/v2\/pages"}],"about":[{"href":"https:\/\/www.iberiasports.com\/de\/wp-json\/wp\/v2\/types\/page"}],"author":[{"embeddable":true,"href":"https:\/\/www.iberiasports.com\/de\/wp-json\/wp\/v2\/users\/9"}],"replies":[{"embeddable":true,"href":"https:\/\/www.iberiasports.com\/de\/wp-json\/wp\/v2\/comments?post=3525"}],"version-history":[{"count":14,"href":"https:\/\/www.iberiasports.com\/de\/wp-json\/wp\/v2\/pages\/3525\/revisions"}],"predecessor-version":[{"id":16419,"href":"https:\/\/www.iberiasports.com\/de\/wp-json\/wp\/v2\/pages\/3525\/revisions\/16419"}],"up":[{"embeddable":true,"href":"https:\/\/www.iberiasports.com\/de\/wp-json\/wp\/v2\/pages\/3523"}],"wp:featuredmedia":[{"embeddable":true,"href":"https:\/\/www.iberiasports.com\/de\/wp-json\/wp\/v2\/media\/7350"}],"wp:attachment":[{"href":"https:\/\/www.iberiasports.com\/de\/wp-json\/wp\/v2\/media?parent=3525"}],"curies":[{"name":"wp","href":"https:\/\/api.w.org\/{rel}","templated":true}]}}