{"id":3523,"date":"2017-08-07T14:10:11","date_gmt":"2017-08-07T12:10:11","guid":{"rendered":"http:\/\/www.iberiasports.com\/trainingslager\/fusball-trainingslager\/"},"modified":"2025-12-01T14:45:54","modified_gmt":"2025-12-01T13:45:54","slug":"fusball","status":"publish","type":"page","link":"https:\/\/www.iberiasports.com\/de\/trainingslager\/fusball\/","title":{"rendered":"Fu\u00dfball Trainingslager"},"content":{"rendered":"","protected":false},"excerpt":{"rendered":"<h5>Iberia Sports bietet die besten Locations f\u00fcr Fu\u00dfball Trainingslager in Katalonien<\/h5>\n<p>Fu\u00dfball ist ein Sport mit jahrelanger Tradition in Katalonien. Der FC Barcelona steht als Symbol f\u00fcr diese gro\u00dfe Leidenschaft und Tradition und ist einer der bekanntesten Fu\u00dfballmannschaften der Welt. Au\u00dferdem bietet Katalonien modernste Sportanlagen mit erstklassigen Fu\u00dfballfelder, egal ob Kunst- oder Naturrasen \u2013 perfekte Voraussetzungen f\u00fcr ein erfolgreiches Trainingslager. <\/p>\n","protected":false},"author":9,"featured_media":13193,"parent":3210,"menu_order":0,"comment_status":"closed","ping_status":"closed","template":"","meta":{"_acf_changed":false,"_monsterinsights_skip_tracking":false,"_monsterinsights_sitenote_active":false,"_monsterinsights_sitenote_note":"","_monsterinsights_sitenote_category":0,"footnotes":""},"class_list":["post-3523","page","type-page","status-publish","has-post-thumbnail","hentry"],"acf":[],"_links":{"self":[{"href":"https:\/\/www.iberiasports.com\/de\/wp-json\/wp\/v2\/pages\/3523","targetHints":{"allow":["GET"]}}],"collection":[{"href":"https:\/\/www.iberiasports.com\/de\/wp-json\/wp\/v2\/pages"}],"about":[{"href":"https:\/\/www.iberiasports.com\/de\/wp-json\/wp\/v2\/types\/page"}],"author":[{"embeddable":true,"href":"https:\/\/www.iberiasports.com\/de\/wp-json\/wp\/v2\/users\/9"}],"replies":[{"embeddable":true,"href":"https:\/\/www.iberiasports.com\/de\/wp-json\/wp\/v2\/comments?post=3523"}],"version-history":[{"count":3,"href":"https:\/\/www.iberiasports.com\/de\/wp-json\/wp\/v2\/pages\/3523\/revisions"}],"predecessor-version":[{"id":16393,"href":"https:\/\/www.iberiasports.com\/de\/wp-json\/wp\/v2\/pages\/3523\/revisions\/16393"}],"up":[{"embeddable":true,"href":"https:\/\/www.iberiasports.com\/de\/wp-json\/wp\/v2\/pages\/3210"}],"wp:featuredmedia":[{"embeddable":true,"href":"https:\/\/www.iberiasports.com\/de\/wp-json\/wp\/v2\/media\/13193"}],"wp:attachment":[{"href":"https:\/\/www.iberiasports.com\/de\/wp-json\/wp\/v2\/media?parent=3523"}],"curies":[{"name":"wp","href":"https:\/\/api.w.org\/{rel}","templated":true}]}}