{"id":3520,"date":"2017-08-07T14:03:21","date_gmt":"2017-08-07T12:03:21","guid":{"rendered":"http:\/\/www.iberiasports.com\/trainingslager\/hockey-trainingslager\/hockey-trainingslager-in-barcelona\/"},"modified":"2025-12-01T16:48:40","modified_gmt":"2025-12-01T15:48:40","slug":"barcelona","status":"publish","type":"page","link":"https:\/\/www.iberiasports.com\/de\/trainingslager\/feldhockey\/barcelona\/","title":{"rendered":"Hockey Trainingslager in Barcelona"},"content":{"rendered":"","protected":false},"excerpt":{"rendered":"<h5>Hockey Trainingslager in Barcelona \u2013 Hockeyanlagen auf h\u00f6chstem Niveau<\/h5>\n<p>Barcelona bietet eine optimale Kombination aus Training und Freizeit. Eine Vielzahl an erstklassigen Sportanlagen und Hotels bilden die perfekte Grundlage f\u00fcr ein erfolgreiches Trainingslager. Hinzu kommen die vielen M\u00f6glichkeiten, das Trainingslager mit attraktiven Freizeitaktivit\u00e4ten zu kombinieren: ein FC Barcelona Match im Camp Nou, eine City Tour der vielen Sehensw\u00fcrdigkeiten, ein entspannter Tag am Strand \u2013 in Barcelona ist all das m\u00f6glich.<\/p>\n","protected":false},"author":9,"featured_media":14522,"parent":3518,"menu_order":0,"comment_status":"closed","ping_status":"closed","template":"","meta":{"_acf_changed":false,"_monsterinsights_skip_tracking":false,"_monsterinsights_sitenote_active":false,"_monsterinsights_sitenote_note":"","_monsterinsights_sitenote_category":0,"footnotes":""},"class_list":["post-3520","page","type-page","status-publish","has-post-thumbnail","hentry"],"acf":[],"_links":{"self":[{"href":"https:\/\/www.iberiasports.com\/de\/wp-json\/wp\/v2\/pages\/3520","targetHints":{"allow":["GET"]}}],"collection":[{"href":"https:\/\/www.iberiasports.com\/de\/wp-json\/wp\/v2\/pages"}],"about":[{"href":"https:\/\/www.iberiasports.com\/de\/wp-json\/wp\/v2\/types\/page"}],"author":[{"embeddable":true,"href":"https:\/\/www.iberiasports.com\/de\/wp-json\/wp\/v2\/users\/9"}],"replies":[{"embeddable":true,"href":"https:\/\/www.iberiasports.com\/de\/wp-json\/wp\/v2\/comments?post=3520"}],"version-history":[{"count":3,"href":"https:\/\/www.iberiasports.com\/de\/wp-json\/wp\/v2\/pages\/3520\/revisions"}],"predecessor-version":[{"id":16436,"href":"https:\/\/www.iberiasports.com\/de\/wp-json\/wp\/v2\/pages\/3520\/revisions\/16436"}],"up":[{"embeddable":true,"href":"https:\/\/www.iberiasports.com\/de\/wp-json\/wp\/v2\/pages\/3518"}],"wp:featuredmedia":[{"embeddable":true,"href":"https:\/\/www.iberiasports.com\/de\/wp-json\/wp\/v2\/media\/14522"}],"wp:attachment":[{"href":"https:\/\/www.iberiasports.com\/de\/wp-json\/wp\/v2\/media?parent=3520"}],"curies":[{"name":"wp","href":"https:\/\/api.w.org\/{rel}","templated":true}]}}