{"id":3518,"date":"2017-08-07T14:01:58","date_gmt":"2017-08-07T12:01:58","guid":{"rendered":"http:\/\/www.iberiasports.com\/trainingslager\/hockey-trainingslager\/"},"modified":"2025-12-01T15:12:50","modified_gmt":"2025-12-01T14:12:50","slug":"feldhockey","status":"publish","type":"page","link":"https:\/\/www.iberiasports.com\/de\/trainingslager\/feldhockey\/","title":{"rendered":"Hockey Trainingslager"},"content":{"rendered":"","protected":false},"excerpt":{"rendered":"<h5>Iberia Sports bietet die besten Locations f\u00fcr Hockey Trainingslager in Katalonien<\/h5>\n<p>Eine Vielzahl international bekannter Hockeyteams kommt aus Katalonien. Die Region bietet erstklassige Anlagen, wie z.B. die des Polo Club Barcelona. Dadurch ist Training auf h\u00f6chstem Niveau garantiert &#8211; hinzu kommen die unz\u00e4hligen Freizeitaktivi\u00e4ten die in Barcelona m\u00f6glich sind. Dadurch wird das Trainingslager ein unvergessliches Erlebnis f\u00fcr die ganze Mannschaft.<\/p>\n","protected":false},"author":9,"featured_media":14522,"parent":3210,"menu_order":0,"comment_status":"closed","ping_status":"closed","template":"","meta":{"_acf_changed":false,"_monsterinsights_skip_tracking":false,"_monsterinsights_sitenote_active":false,"_monsterinsights_sitenote_note":"","_monsterinsights_sitenote_category":0,"footnotes":""},"class_list":["post-3518","page","type-page","status-publish","has-post-thumbnail","hentry"],"acf":[],"_links":{"self":[{"href":"https:\/\/www.iberiasports.com\/de\/wp-json\/wp\/v2\/pages\/3518","targetHints":{"allow":["GET"]}}],"collection":[{"href":"https:\/\/www.iberiasports.com\/de\/wp-json\/wp\/v2\/pages"}],"about":[{"href":"https:\/\/www.iberiasports.com\/de\/wp-json\/wp\/v2\/types\/page"}],"author":[{"embeddable":true,"href":"https:\/\/www.iberiasports.com\/de\/wp-json\/wp\/v2\/users\/9"}],"replies":[{"embeddable":true,"href":"https:\/\/www.iberiasports.com\/de\/wp-json\/wp\/v2\/comments?post=3518"}],"version-history":[{"count":3,"href":"https:\/\/www.iberiasports.com\/de\/wp-json\/wp\/v2\/pages\/3518\/revisions"}],"predecessor-version":[{"id":16397,"href":"https:\/\/www.iberiasports.com\/de\/wp-json\/wp\/v2\/pages\/3518\/revisions\/16397"}],"up":[{"embeddable":true,"href":"https:\/\/www.iberiasports.com\/de\/wp-json\/wp\/v2\/pages\/3210"}],"wp:featuredmedia":[{"embeddable":true,"href":"https:\/\/www.iberiasports.com\/de\/wp-json\/wp\/v2\/media\/14522"}],"wp:attachment":[{"href":"https:\/\/www.iberiasports.com\/de\/wp-json\/wp\/v2\/media?parent=3518"}],"curies":[{"name":"wp","href":"https:\/\/api.w.org\/{rel}","templated":true}]}}