{"id":3510,"date":"2017-08-07T13:51:22","date_gmt":"2017-08-07T11:51:22","guid":{"rendered":"http:\/\/www.iberiasports.com\/trainingslager\/basketball-trainingslager\/"},"modified":"2025-12-01T14:29:35","modified_gmt":"2025-12-01T13:29:35","slug":"basketball","status":"publish","type":"page","link":"https:\/\/www.iberiasports.com\/de\/trainingslager\/basketball\/","title":{"rendered":"Basketball Trainingslager"},"content":{"rendered":"<p>[vc_row css=&#8220;.vc_custom_1480941732539{padding-top: 10px !important;}&#8220;][vc_column][vc_column_text css=&#8220;.vc_custom_1480941902622{padding-top: 20px !important;padding-bottom: 20px !important;}&#8220;]<\/p>\n<h5>Iberia Sports bietet die besten Locations f\u00fcr Basketball Trainingslager in Katalonien<\/h5>\n<p>Basketball wird in Spanien auf Top Niveau gespielt. Die Profiliga, die ACB, gilt als die beste Profi-Basketballliga in Europa. Ber\u00fchmte Profi, wie beispielsweise die Gasol-Br\u00fcder, stammen aus Katalonien und haben hier ihre Basketballkarriere begonnen. Erstklassige Sportanlagen sowie die n\u00f6tige Leidenschaft f\u00fcr Basketball bilden beste Voraussetzungen f\u00fcr ein erfolgreiches Trainingslager in Katalonien.[\/vc_column_text][\/vc_column][\/vc_row]<\/p>\n","protected":false},"excerpt":{"rendered":"<h5>Iberia Sports bietet die besten Locations f\u00fcr Basketball Trainingslager in Katalonien <\/h5>\n<p>Basketball wird in Spanien auf Top Niveau gespielt. Die Profiliga, die ACB, gilt als die beste Profi-Basketballliga in Europa. Ber\u00fchmte Profi, wie beispielsweise die Gasol-Br\u00fcder, stammen aus Katalonien und haben hier ihre Basketballkarriere begonnen. Erstklassige Sportanlagen sowie die n\u00f6tige Leidenschaft f\u00fcr Basketball bilden beste Voraussetzungen f\u00fcr ein erfolgreiches Trainingslager in Katalonien.<\/p>\n","protected":false},"author":9,"featured_media":14505,"parent":3210,"menu_order":0,"comment_status":"closed","ping_status":"closed","template":"","meta":{"_acf_changed":false,"_monsterinsights_skip_tracking":false,"_monsterinsights_sitenote_active":false,"_monsterinsights_sitenote_note":"","_monsterinsights_sitenote_category":0,"footnotes":""},"class_list":["post-3510","page","type-page","status-publish","has-post-thumbnail","hentry"],"acf":[],"_links":{"self":[{"href":"https:\/\/www.iberiasports.com\/de\/wp-json\/wp\/v2\/pages\/3510","targetHints":{"allow":["GET"]}}],"collection":[{"href":"https:\/\/www.iberiasports.com\/de\/wp-json\/wp\/v2\/pages"}],"about":[{"href":"https:\/\/www.iberiasports.com\/de\/wp-json\/wp\/v2\/types\/page"}],"author":[{"embeddable":true,"href":"https:\/\/www.iberiasports.com\/de\/wp-json\/wp\/v2\/users\/9"}],"replies":[{"embeddable":true,"href":"https:\/\/www.iberiasports.com\/de\/wp-json\/wp\/v2\/comments?post=3510"}],"version-history":[{"count":4,"href":"https:\/\/www.iberiasports.com\/de\/wp-json\/wp\/v2\/pages\/3510\/revisions"}],"predecessor-version":[{"id":16389,"href":"https:\/\/www.iberiasports.com\/de\/wp-json\/wp\/v2\/pages\/3510\/revisions\/16389"}],"up":[{"embeddable":true,"href":"https:\/\/www.iberiasports.com\/de\/wp-json\/wp\/v2\/pages\/3210"}],"wp:featuredmedia":[{"embeddable":true,"href":"https:\/\/www.iberiasports.com\/de\/wp-json\/wp\/v2\/media\/14505"}],"wp:attachment":[{"href":"https:\/\/www.iberiasports.com\/de\/wp-json\/wp\/v2\/media?parent=3510"}],"curies":[{"name":"wp","href":"https:\/\/api.w.org\/{rel}","templated":true}]}}