{"id":3210,"date":"2017-07-25T18:51:50","date_gmt":"2017-07-25T16:51:50","guid":{"rendered":"http:\/\/www.iberiasports.com\/trainingslager\/"},"modified":"2025-12-01T14:16:00","modified_gmt":"2025-12-01T13:16:00","slug":"trainingslager","status":"publish","type":"page","link":"https:\/\/www.iberiasports.com\/de\/trainingslager\/","title":{"rendered":"Trainingslager"},"content":{"rendered":"<p>[vc_row css=&#8220;.vc_custom_1480941732539{padding-top: 10px !important;}&#8220;][vc_column][vc_column_text css=&#8220;.vc_custom_1480941852844{padding-top: 20px !important;padding-bottom: 20px !important;}&#8220;]<\/p>\n<h5>Iberia Sport bietet die besten Reiseziele f\u00fcr Trainingslager an<\/h5>\n<p>Dies beudeutet: Top qualitative Sport-M\u00f6glichkeiten mit einer Auswahl an Hotels, die auf die Bed\u00fcrfnisse der Sportler eingehen und in Lauf-Entfernung zu den Sportst\u00e4tten liegen. Iberia Sports legt Wert auf einen sicheren und p\u00fcnktlichen Transfer vom Flughafen zu der Unterkunft. Der Iberia Sports Tour-Manager hilft bei allen Belangen, wie zum Beispiel der Planung von Ausfl\u00fcgen, was den Athleten und Athletinnen die M\u00f6glichkeit gibt, sich auf das wichtigste, den Sport zu konzentrieren. F\u00fcr sowohl profesionelle-, als auch amateur Vereine, stellt das Iberia Sports Team gerne ein kundenspezifisches Angebot auf, welches auf alle W\u00fcnsche und das vorhandene Budget eingeht.[\/vc_column_text][\/vc_column][\/vc_row]<\/p>\n","protected":false},"excerpt":{"rendered":"<p>Iberia Sport bietet die besten Reiseziele f\u00fcr Trainingslager an.<\/p>\n<p>Dies beudeutet: Top qualitative Sport-M\u00f6glichkeiten mit einer Auswahl an Hotels, die auf die Bed\u00fcrfnisse der Sportler eingehen und in Lauf-Entfernung zu den Sportst\u00e4tten liegen. Iberia Sports legt Wert auf einen sicheren und p\u00fcnktlichen Transfer vom Flughafen zu der Unterkunft. Der Iberia Sports Tour-Manager hilft bei allen Belangen, wie zum Beispiel der Planung von Ausfl\u00fcgen, was den Athleten und Athletinnen die M\u00f6glichkeit gibt, sich auf das wichtigste, den Sport zu konzentrieren. F\u00fcr sowohl profesionelle-, als auch amateur Vereine, stellt das Iberia Sports Team gerne ein kundenspezifisches Angebot auf, welches auf alle W\u00fcnsche und das vorhandene Budget eingeht.<\/p>\n","protected":false},"author":9,"featured_media":0,"parent":0,"menu_order":0,"comment_status":"closed","ping_status":"closed","template":"","meta":{"_acf_changed":false,"_monsterinsights_skip_tracking":false,"_monsterinsights_sitenote_active":false,"_monsterinsights_sitenote_note":"","_monsterinsights_sitenote_category":0,"footnotes":""},"class_list":["post-3210","page","type-page","status-publish","hentry"],"acf":[],"_links":{"self":[{"href":"https:\/\/www.iberiasports.com\/de\/wp-json\/wp\/v2\/pages\/3210","targetHints":{"allow":["GET"]}}],"collection":[{"href":"https:\/\/www.iberiasports.com\/de\/wp-json\/wp\/v2\/pages"}],"about":[{"href":"https:\/\/www.iberiasports.com\/de\/wp-json\/wp\/v2\/types\/page"}],"author":[{"embeddable":true,"href":"https:\/\/www.iberiasports.com\/de\/wp-json\/wp\/v2\/users\/9"}],"replies":[{"embeddable":true,"href":"https:\/\/www.iberiasports.com\/de\/wp-json\/wp\/v2\/comments?post=3210"}],"version-history":[{"count":7,"href":"https:\/\/www.iberiasports.com\/de\/wp-json\/wp\/v2\/pages\/3210\/revisions"}],"predecessor-version":[{"id":16385,"href":"https:\/\/www.iberiasports.com\/de\/wp-json\/wp\/v2\/pages\/3210\/revisions\/16385"}],"wp:attachment":[{"href":"https:\/\/www.iberiasports.com\/de\/wp-json\/wp\/v2\/media?parent=3210"}],"curies":[{"name":"wp","href":"https:\/\/api.w.org\/{rel}","templated":true}]}}