{"id":16405,"date":"2016-12-07T09:24:19","date_gmt":"2016-12-07T09:24:19","guid":{"rendered":"https:\/\/www.iberiasports.com\/trainingslager\/basketball\/barcelona-2\/"},"modified":"2025-12-04T12:25:39","modified_gmt":"2025-12-04T11:25:39","slug":"barcelona","status":"publish","type":"page","link":"https:\/\/www.iberiasports.com\/de\/trainingslager\/basketball\/barcelona\/","title":{"rendered":"Basketball Training Camps in Barcelona"},"content":{"rendered":"","protected":false},"excerpt":{"rendered":"<h5> Basketball Trainingslager Barcelona <\/h5>\n<p>Barcelona bietet eine optimale Kombination aus Training und Freizeit. Eine Vielzahl an erstklassigen Sportanlagen und Hotels bilden die perfekte Grundlage f\u00fcr ein erfolgreiches Trainingslager. Hinzu kommen die vielen M\u00f6glichkeiten, das Trainingslager mit attraktiven Freizeitaktivit\u00e4ten zu kombinieren: ein FC Barcelona Match im Camp Nou, eine City Tour der vielen Sehensw\u00fcrdigkeiten, ein entspannter Tag am Strand \u2013 in Barcelona ist all das m\u00f6glich.<\/p>\n","protected":false},"author":9,"featured_media":14505,"parent":3510,"menu_order":0,"comment_status":"closed","ping_status":"closed","template":"","meta":{"_acf_changed":false,"_monsterinsights_skip_tracking":false,"_monsterinsights_sitenote_active":false,"_monsterinsights_sitenote_note":"","_monsterinsights_sitenote_category":0,"footnotes":""},"class_list":["post-16405","page","type-page","status-publish","has-post-thumbnail","hentry"],"acf":[],"_links":{"self":[{"href":"https:\/\/www.iberiasports.com\/de\/wp-json\/wp\/v2\/pages\/16405","targetHints":{"allow":["GET"]}}],"collection":[{"href":"https:\/\/www.iberiasports.com\/de\/wp-json\/wp\/v2\/pages"}],"about":[{"href":"https:\/\/www.iberiasports.com\/de\/wp-json\/wp\/v2\/types\/page"}],"author":[{"embeddable":true,"href":"https:\/\/www.iberiasports.com\/de\/wp-json\/wp\/v2\/users\/9"}],"replies":[{"embeddable":true,"href":"https:\/\/www.iberiasports.com\/de\/wp-json\/wp\/v2\/comments?post=16405"}],"version-history":[{"count":1,"href":"https:\/\/www.iberiasports.com\/de\/wp-json\/wp\/v2\/pages\/16405\/revisions"}],"predecessor-version":[{"id":16407,"href":"https:\/\/www.iberiasports.com\/de\/wp-json\/wp\/v2\/pages\/16405\/revisions\/16407"}],"up":[{"embeddable":true,"href":"https:\/\/www.iberiasports.com\/de\/wp-json\/wp\/v2\/pages\/3510"}],"wp:featuredmedia":[{"embeddable":true,"href":"https:\/\/www.iberiasports.com\/de\/wp-json\/wp\/v2\/media\/14505"}],"wp:attachment":[{"href":"https:\/\/www.iberiasports.com\/de\/wp-json\/wp\/v2\/media?parent=16405"}],"curies":[{"name":"wp","href":"https:\/\/api.w.org\/{rel}","templated":true}]}}