{"id":11675,"date":"2017-08-07T13:55:47","date_gmt":"2017-08-07T11:55:47","guid":{"rendered":"http:\/\/www.iberiasports.com\/trainingslager\/basketball\/lloret-de-mar-2\/"},"modified":"2020-06-10T09:41:30","modified_gmt":"2020-06-10T07:41:30","slug":"lloret-de-mar","status":"publish","type":"page","link":"https:\/\/www.iberiasports.com\/de\/trainingslager\/triathlon\/lloret-de-mar\/","title":{"rendered":"Triathlon Trainingslager in Lloret de Mar"},"content":{"rendered":"<p>[vc_row css=&#8220;.vc_custom_1480941732539{padding-top: 10px !important;}&#8220;][vc_column][vc_column_text css=&#8220;.vc_custom_1481102801647{padding-top: 20px !important;padding-bottom: 20px !important;}&#8220;]<\/p>\n<h5>Triathlon Trainingslager Lloret de Mar<\/h5>\n<p>Diese ber\u00fchmte K\u00fcstenstadt der Costa Brava hat weit mehr zu bieten als nur Massenturismus. Sehr gute Strassen, Openwater oder 50 Meter Pool und eine Leichtathletikanlage bieten beste Voraussetzungen f\u00fcr ein Triathlon Trainingslager. Die von uns auf angemessene Standards gepr\u00fcften 3- und 4-Sterne Hotels vor Ort bieten eine komfortable Unterkunft. Hinzu kommt die unmittelbare Strandn\u00e4he, die ein perfektes Trainingslager vollends abrundet.[\/vc_column_text][\/vc_column][\/vc_row]<\/p>\n","protected":false},"excerpt":{"rendered":"<p>[vc_row css=&#8220;.vc_custom_1480941732539{padding-top: 10px !important;}&#8220;][vc_column][vc_column_text css=&#8220;.vc_custom_1481102801647{padding-top: 20px !important;padding-bottom: 20px !important;}&#8220;] Triathlon Trainingslager Lloret de Mar Diese ber\u00fchmte K\u00fcstenstadt der Costa Brava hat weit mehr zu bieten als nur Massenturismus. Sehr gute Strassen, Openwater oder 50 Meter Pool und eine Leichtathletikanlage bieten beste Voraussetzungen f\u00fcr ein Triathlon Trainingslager. Die von uns auf angemessene Standards gepr\u00fcften 3- und [&hellip;]<\/p>\n","protected":false},"author":9,"featured_media":14510,"parent":11309,"menu_order":0,"comment_status":"closed","ping_status":"closed","template":"","meta":{"_acf_changed":false,"_monsterinsights_skip_tracking":false,"_monsterinsights_sitenote_active":false,"_monsterinsights_sitenote_note":"","_monsterinsights_sitenote_category":0,"footnotes":""},"class_list":["post-11675","page","type-page","status-publish","has-post-thumbnail","hentry"],"acf":[],"_links":{"self":[{"href":"https:\/\/www.iberiasports.com\/de\/wp-json\/wp\/v2\/pages\/11675","targetHints":{"allow":["GET"]}}],"collection":[{"href":"https:\/\/www.iberiasports.com\/de\/wp-json\/wp\/v2\/pages"}],"about":[{"href":"https:\/\/www.iberiasports.com\/de\/wp-json\/wp\/v2\/types\/page"}],"author":[{"embeddable":true,"href":"https:\/\/www.iberiasports.com\/de\/wp-json\/wp\/v2\/users\/9"}],"replies":[{"embeddable":true,"href":"https:\/\/www.iberiasports.com\/de\/wp-json\/wp\/v2\/comments?post=11675"}],"version-history":[{"count":3,"href":"https:\/\/www.iberiasports.com\/de\/wp-json\/wp\/v2\/pages\/11675\/revisions"}],"predecessor-version":[{"id":11682,"href":"https:\/\/www.iberiasports.com\/de\/wp-json\/wp\/v2\/pages\/11675\/revisions\/11682"}],"up":[{"embeddable":true,"href":"https:\/\/www.iberiasports.com\/de\/wp-json\/wp\/v2\/pages\/11309"}],"wp:featuredmedia":[{"embeddable":true,"href":"https:\/\/www.iberiasports.com\/de\/wp-json\/wp\/v2\/media\/14510"}],"wp:attachment":[{"href":"https:\/\/www.iberiasports.com\/de\/wp-json\/wp\/v2\/media?parent=11675"}],"curies":[{"name":"wp","href":"https:\/\/api.w.org\/{rel}","templated":true}]}}