{"id":11586,"date":"2017-08-07T14:11:11","date_gmt":"2017-08-07T12:11:11","guid":{"rendered":"http:\/\/www.iberiasports.com\/trainingslager\/fusball\/valencia-2\/"},"modified":"2025-12-01T16:11:51","modified_gmt":"2025-12-01T15:11:51","slug":"madrid","status":"publish","type":"page","link":"https:\/\/www.iberiasports.com\/de\/trainingslager\/fusball\/madrid\/","title":{"rendered":"Fu\u00dfballtrainingslager in Madrid"},"content":{"rendered":"","protected":false},"excerpt":{"rendered":"<h5>Fussballtrainingslager in Madrid<\/h5>\n<p>Madrid bietet eine optimale Kombination aus Training und Freizeit. Eine Vielzahl an erstklassigen Sportanlagen und Hotels bilden die perfekte Grundlage f\u00fcr ein erfolgreiches Trainingslager. Hinzu kommen die vielen M\u00f6glichkeiten, das Trainingslager mit attraktiven Freizeitaktivit\u00e4ten zu kombinieren: ein Spiel des Real Madrid, eine City Tour der vielen Sehensw\u00fcrdigkeiten, ein entspannter Tag in der Stadt\u2013 in Madrid ist alles m\u00f6glich!<\/p>\n","protected":false},"author":9,"featured_media":0,"parent":3523,"menu_order":0,"comment_status":"closed","ping_status":"closed","template":"","meta":{"_acf_changed":false,"_monsterinsights_skip_tracking":false,"_monsterinsights_sitenote_active":false,"_monsterinsights_sitenote_note":"","_monsterinsights_sitenote_category":0,"footnotes":""},"class_list":["post-11586","page","type-page","status-publish","hentry"],"acf":[],"_links":{"self":[{"href":"https:\/\/www.iberiasports.com\/de\/wp-json\/wp\/v2\/pages\/11586","targetHints":{"allow":["GET"]}}],"collection":[{"href":"https:\/\/www.iberiasports.com\/de\/wp-json\/wp\/v2\/pages"}],"about":[{"href":"https:\/\/www.iberiasports.com\/de\/wp-json\/wp\/v2\/types\/page"}],"author":[{"embeddable":true,"href":"https:\/\/www.iberiasports.com\/de\/wp-json\/wp\/v2\/users\/9"}],"replies":[{"embeddable":true,"href":"https:\/\/www.iberiasports.com\/de\/wp-json\/wp\/v2\/comments?post=11586"}],"version-history":[{"count":3,"href":"https:\/\/www.iberiasports.com\/de\/wp-json\/wp\/v2\/pages\/11586\/revisions"}],"predecessor-version":[{"id":16423,"href":"https:\/\/www.iberiasports.com\/de\/wp-json\/wp\/v2\/pages\/11586\/revisions\/16423"}],"up":[{"embeddable":true,"href":"https:\/\/www.iberiasports.com\/de\/wp-json\/wp\/v2\/pages\/3523"}],"wp:attachment":[{"href":"https:\/\/www.iberiasports.com\/de\/wp-json\/wp\/v2\/media?parent=11586"}],"curies":[{"name":"wp","href":"https:\/\/api.w.org\/{rel}","templated":true}]}}