{"id":11568,"date":"2017-08-07T14:11:11","date_gmt":"2017-08-07T12:11:11","guid":{"rendered":"http:\/\/www.iberiasports.com\/trainingslager\/fusball\/barcelona-2\/"},"modified":"2025-12-04T12:27:34","modified_gmt":"2025-12-04T11:27:34","slug":"valencia","status":"publish","type":"page","link":"https:\/\/www.iberiasports.com\/de\/trainingslager\/fusball\/valencia\/","title":{"rendered":"Fu\u00dfballtrainingslager in Valencia"},"content":{"rendered":"","protected":false},"excerpt":{"rendered":"<h5>Fussballtrainingslager in Valencia<\/h5>\n<p>Valencia bietet eine optimale Kombination aus Training und Freizeit. Eine Vielzahl an erstklassigen Sportanlagen und Hotels bilden die perfekte Grundlage f\u00fcr ein erfolgreiches Trainingslager. Hinzu kommen die vielen M\u00f6glichkeiten, das Trainingslager mit attraktiven Freizeitaktivit\u00e4ten zu kombinieren: ein Spiel des CF Valencia, eine City Tour der vielen Sehensw\u00fcrdigkeiten, ein entspannter Tag am Strand \u2013 in Valencia ist alles m\u00f6glich!<\/p>\n","protected":false},"author":9,"featured_media":0,"parent":3523,"menu_order":0,"comment_status":"closed","ping_status":"closed","template":"","meta":{"_acf_changed":false,"_monsterinsights_skip_tracking":false,"_monsterinsights_sitenote_active":false,"_monsterinsights_sitenote_note":"","_monsterinsights_sitenote_category":0,"footnotes":""},"class_list":["post-11568","page","type-page","status-publish","hentry"],"acf":[],"_links":{"self":[{"href":"https:\/\/www.iberiasports.com\/de\/wp-json\/wp\/v2\/pages\/11568","targetHints":{"allow":["GET"]}}],"collection":[{"href":"https:\/\/www.iberiasports.com\/de\/wp-json\/wp\/v2\/pages"}],"about":[{"href":"https:\/\/www.iberiasports.com\/de\/wp-json\/wp\/v2\/types\/page"}],"author":[{"embeddable":true,"href":"https:\/\/www.iberiasports.com\/de\/wp-json\/wp\/v2\/users\/9"}],"replies":[{"embeddable":true,"href":"https:\/\/www.iberiasports.com\/de\/wp-json\/wp\/v2\/comments?post=11568"}],"version-history":[{"count":2,"href":"https:\/\/www.iberiasports.com\/de\/wp-json\/wp\/v2\/pages\/11568\/revisions"}],"predecessor-version":[{"id":16425,"href":"https:\/\/www.iberiasports.com\/de\/wp-json\/wp\/v2\/pages\/11568\/revisions\/16425"}],"up":[{"embeddable":true,"href":"https:\/\/www.iberiasports.com\/de\/wp-json\/wp\/v2\/pages\/3523"}],"wp:attachment":[{"href":"https:\/\/www.iberiasports.com\/de\/wp-json\/wp\/v2\/media?parent=11568"}],"curies":[{"name":"wp","href":"https:\/\/api.w.org\/{rel}","templated":true}]}}