{"id":11541,"date":"2017-08-07T14:59:31","date_gmt":"2017-08-07T12:59:31","guid":{"rendered":"http:\/\/www.iberiasports.com\/trainingslager\/schwimmen\/lloret-de-mar-2\/"},"modified":"2025-12-02T09:20:35","modified_gmt":"2025-12-02T08:20:35","slug":"fuerteventura-2","status":"publish","type":"page","link":"https:\/\/www.iberiasports.com\/de\/trainingslager\/schwimmen\/fuerteventura-2\/","title":{"rendered":"Schwimmtrainingslager in Fuerteventura"},"content":{"rendered":"","protected":false},"excerpt":{"rendered":"<h5>Schwimmtrainingslager in Fuerteventura<\/h5>\n<p>Bedingt durch den Golfstrom und die hei\u00dfen Passatwinde aus der nahegelegenen Sahara, herrscht auf den Kanaren das ganze Jahr \u00fcber ein mildes und sommerlich warmes Klima, Insbesondere auf Fuerteventura ist das Wetter trocken und warm, denn sie z\u00e4hlt zu den kanarischen Inseln mit den geringsten Niederschl\u00e4ge. Dank dieser Voraussetzungen bietet die Insel Top Bedingungen f\u00fcr ein Schwimmtraingslager.<\/p>\n","protected":false},"author":9,"featured_media":14552,"parent":3236,"menu_order":0,"comment_status":"closed","ping_status":"closed","template":"","meta":{"_acf_changed":false,"_monsterinsights_skip_tracking":false,"_monsterinsights_sitenote_active":false,"_monsterinsights_sitenote_note":"","_monsterinsights_sitenote_category":0,"footnotes":""},"class_list":["post-11541","page","type-page","status-publish","has-post-thumbnail","hentry"],"acf":[],"_links":{"self":[{"href":"https:\/\/www.iberiasports.com\/de\/wp-json\/wp\/v2\/pages\/11541","targetHints":{"allow":["GET"]}}],"collection":[{"href":"https:\/\/www.iberiasports.com\/de\/wp-json\/wp\/v2\/pages"}],"about":[{"href":"https:\/\/www.iberiasports.com\/de\/wp-json\/wp\/v2\/types\/page"}],"author":[{"embeddable":true,"href":"https:\/\/www.iberiasports.com\/de\/wp-json\/wp\/v2\/users\/9"}],"replies":[{"embeddable":true,"href":"https:\/\/www.iberiasports.com\/de\/wp-json\/wp\/v2\/comments?post=11541"}],"version-history":[{"count":3,"href":"https:\/\/www.iberiasports.com\/de\/wp-json\/wp\/v2\/pages\/11541\/revisions"}],"predecessor-version":[{"id":16480,"href":"https:\/\/www.iberiasports.com\/de\/wp-json\/wp\/v2\/pages\/11541\/revisions\/16480"}],"up":[{"embeddable":true,"href":"https:\/\/www.iberiasports.com\/de\/wp-json\/wp\/v2\/pages\/3236"}],"wp:featuredmedia":[{"embeddable":true,"href":"https:\/\/www.iberiasports.com\/de\/wp-json\/wp\/v2\/media\/14552"}],"wp:attachment":[{"href":"https:\/\/www.iberiasports.com\/de\/wp-json\/wp\/v2\/media?parent=11541"}],"curies":[{"name":"wp","href":"https:\/\/api.w.org\/{rel}","templated":true}]}}