{"id":11487,"date":"2017-08-07T14:59:31","date_gmt":"2017-08-07T12:59:31","guid":{"rendered":"http:\/\/www.iberiasports.com\/trainingslager\/schwimmen\/lloret-de-mar-2-2-2\/"},"modified":"2025-12-04T12:42:40","modified_gmt":"2025-12-04T11:42:40","slug":"gran-canaria","status":"publish","type":"page","link":"https:\/\/www.iberiasports.com\/de\/trainingslager\/schwimmen\/gran-canaria\/","title":{"rendered":"Schwimmtrainingslager in Gran Canaria"},"content":{"rendered":"","protected":false},"excerpt":{"rendered":"<h5>Schwimmtrainingslager in Gran Canaria &#8211; Las Palmas<\/h5>\n<p>Die Insel Gran Canaria liegt ca. 200 km westlich von Afrika. Sie ist die drittgr\u00f6\u00dfte von sieben Kanareninseln und befindet sich in der N\u00e4he zum \u00c4quator.\u00a0 Diese Tatsache und der vorbeiflie\u00dfende Golfstrom f\u00fchren zu einem ganzj\u00e4hrig milden Klima mit sehr angenehmen Temperaturen. Somit ergeben sich \u00fcber das gesamte Jahr beste Bedingungen f\u00fcr ein Trainingslager<\/p>\n","protected":false},"author":9,"featured_media":14552,"parent":3236,"menu_order":0,"comment_status":"closed","ping_status":"closed","template":"","meta":{"_acf_changed":false,"_monsterinsights_skip_tracking":false,"_monsterinsights_sitenote_active":false,"_monsterinsights_sitenote_note":"","_monsterinsights_sitenote_category":0,"footnotes":""},"class_list":["post-11487","page","type-page","status-publish","has-post-thumbnail","hentry"],"acf":[],"_links":{"self":[{"href":"https:\/\/www.iberiasports.com\/de\/wp-json\/wp\/v2\/pages\/11487","targetHints":{"allow":["GET"]}}],"collection":[{"href":"https:\/\/www.iberiasports.com\/de\/wp-json\/wp\/v2\/pages"}],"about":[{"href":"https:\/\/www.iberiasports.com\/de\/wp-json\/wp\/v2\/types\/page"}],"author":[{"embeddable":true,"href":"https:\/\/www.iberiasports.com\/de\/wp-json\/wp\/v2\/users\/9"}],"replies":[{"embeddable":true,"href":"https:\/\/www.iberiasports.com\/de\/wp-json\/wp\/v2\/comments?post=11487"}],"version-history":[{"count":3,"href":"https:\/\/www.iberiasports.com\/de\/wp-json\/wp\/v2\/pages\/11487\/revisions"}],"predecessor-version":[{"id":16466,"href":"https:\/\/www.iberiasports.com\/de\/wp-json\/wp\/v2\/pages\/11487\/revisions\/16466"}],"up":[{"embeddable":true,"href":"https:\/\/www.iberiasports.com\/de\/wp-json\/wp\/v2\/pages\/3236"}],"wp:featuredmedia":[{"embeddable":true,"href":"https:\/\/www.iberiasports.com\/de\/wp-json\/wp\/v2\/media\/14552"}],"wp:attachment":[{"href":"https:\/\/www.iberiasports.com\/de\/wp-json\/wp\/v2\/media?parent=11487"}],"curies":[{"name":"wp","href":"https:\/\/api.w.org\/{rel}","templated":true}]}}