{"id":11485,"date":"2017-08-07T14:59:31","date_gmt":"2017-08-07T12:59:31","guid":{"rendered":"http:\/\/www.iberiasports.com\/trainingslager\/schwimmen\/lloret-de-mar-2\/"},"modified":"2025-12-02T09:49:28","modified_gmt":"2025-12-02T08:49:28","slug":"torremolinos","status":"publish","type":"page","link":"https:\/\/www.iberiasports.com\/de\/trainingslager\/schwimmen\/torremolinos\/","title":{"rendered":"Schwimmtrainingslager in Torremolinos"},"content":{"rendered":"","protected":false},"excerpt":{"rendered":"<h5>Schwimmtrainingslager in Torremolinos<\/h5>\n<p>Torremolinos liegt s\u00fcdwestlich des Flughafens M\u00e1laga und der M\u00fcndung des Guadalhorce. Auf der anderen Seite geht der Ort nahtlos in die Nachbarstadt Benalmadena \u00fcber. Im Hinterland zieht sie sich bis zu den Abh\u00e4ngen der Sierra de Mijas. Die Stadt direkt am Mittelmeer lebt vor allem vom Tourismus und bildet zusammen mit Benalm\u00e1dena den Mittelpunkt der touristischen Aktivit\u00e4ten an der \u00f6stlichen Costa de Sol. Die sehr guten Sportanlagen bieten beste Voraussetzungen f\u00fcr ein Schwimmtrainingslager.<\/p>\n","protected":false},"author":9,"featured_media":14552,"parent":3236,"menu_order":0,"comment_status":"closed","ping_status":"closed","template":"","meta":{"_acf_changed":false,"_monsterinsights_skip_tracking":false,"_monsterinsights_sitenote_active":false,"_monsterinsights_sitenote_note":"","_monsterinsights_sitenote_category":0,"footnotes":""},"class_list":["post-11485","page","type-page","status-publish","has-post-thumbnail","hentry"],"acf":[],"_links":{"self":[{"href":"https:\/\/www.iberiasports.com\/de\/wp-json\/wp\/v2\/pages\/11485","targetHints":{"allow":["GET"]}}],"collection":[{"href":"https:\/\/www.iberiasports.com\/de\/wp-json\/wp\/v2\/pages"}],"about":[{"href":"https:\/\/www.iberiasports.com\/de\/wp-json\/wp\/v2\/types\/page"}],"author":[{"embeddable":true,"href":"https:\/\/www.iberiasports.com\/de\/wp-json\/wp\/v2\/users\/9"}],"replies":[{"embeddable":true,"href":"https:\/\/www.iberiasports.com\/de\/wp-json\/wp\/v2\/comments?post=11485"}],"version-history":[{"count":4,"href":"https:\/\/www.iberiasports.com\/de\/wp-json\/wp\/v2\/pages\/11485\/revisions"}],"predecessor-version":[{"id":16500,"href":"https:\/\/www.iberiasports.com\/de\/wp-json\/wp\/v2\/pages\/11485\/revisions\/16500"}],"up":[{"embeddable":true,"href":"https:\/\/www.iberiasports.com\/de\/wp-json\/wp\/v2\/pages\/3236"}],"wp:featuredmedia":[{"embeddable":true,"href":"https:\/\/www.iberiasports.com\/de\/wp-json\/wp\/v2\/media\/14552"}],"wp:attachment":[{"href":"https:\/\/www.iberiasports.com\/de\/wp-json\/wp\/v2\/media?parent=11485"}],"curies":[{"name":"wp","href":"https:\/\/api.w.org\/{rel}","templated":true}]}}