{"id":11479,"date":"2017-08-07T14:59:31","date_gmt":"2017-08-07T12:59:31","guid":{"rendered":"http:\/\/www.iberiasports.com\/trainingslager\/schwimmen\/lloret-de-mar-3\/"},"modified":"2025-12-02T09:18:29","modified_gmt":"2025-12-02T08:18:29","slug":"teneriffa","status":"publish","type":"page","link":"https:\/\/www.iberiasports.com\/de\/trainingslager\/schwimmen\/teneriffa\/","title":{"rendered":"Schwimmtrainingslager in Teneriffa"},"content":{"rendered":"","protected":false},"excerpt":{"rendered":"<h5>Schwimmtrainingslager auf Teneriffa<\/h5>\n<p>Teneriffa ist die gr\u00f6\u00dfte Insel der Kanaren und liegt etwa 250 Kilometer vor der afrikanischen Westk\u00fcste. Sie ist ungef\u00e4hr 80 Kilometer lang und 50 Kilometer breit. Auf der sonnigen Vulkaninsel herrscht immer ein sehr ausgewogenes und warmes Klima.\u00a0Dank dieser Voraussetzungen bietet die Insel Top Bedingungen f\u00fcr ein Schwimmtraingslager.<\/p>\n","protected":false},"author":9,"featured_media":14552,"parent":3236,"menu_order":0,"comment_status":"closed","ping_status":"closed","template":"","meta":{"_acf_changed":false,"_monsterinsights_skip_tracking":false,"_monsterinsights_sitenote_active":false,"_monsterinsights_sitenote_note":"","_monsterinsights_sitenote_category":0,"footnotes":""},"class_list":["post-11479","page","type-page","status-publish","has-post-thumbnail","hentry"],"acf":[],"_links":{"self":[{"href":"https:\/\/www.iberiasports.com\/de\/wp-json\/wp\/v2\/pages\/11479","targetHints":{"allow":["GET"]}}],"collection":[{"href":"https:\/\/www.iberiasports.com\/de\/wp-json\/wp\/v2\/pages"}],"about":[{"href":"https:\/\/www.iberiasports.com\/de\/wp-json\/wp\/v2\/types\/page"}],"author":[{"embeddable":true,"href":"https:\/\/www.iberiasports.com\/de\/wp-json\/wp\/v2\/users\/9"}],"replies":[{"embeddable":true,"href":"https:\/\/www.iberiasports.com\/de\/wp-json\/wp\/v2\/comments?post=11479"}],"version-history":[{"count":3,"href":"https:\/\/www.iberiasports.com\/de\/wp-json\/wp\/v2\/pages\/11479\/revisions"}],"predecessor-version":[{"id":16477,"href":"https:\/\/www.iberiasports.com\/de\/wp-json\/wp\/v2\/pages\/11479\/revisions\/16477"}],"up":[{"embeddable":true,"href":"https:\/\/www.iberiasports.com\/de\/wp-json\/wp\/v2\/pages\/3236"}],"wp:featuredmedia":[{"embeddable":true,"href":"https:\/\/www.iberiasports.com\/de\/wp-json\/wp\/v2\/media\/14552"}],"wp:attachment":[{"href":"https:\/\/www.iberiasports.com\/de\/wp-json\/wp\/v2\/media?parent=11479"}],"curies":[{"name":"wp","href":"https:\/\/api.w.org\/{rel}","templated":true}]}}