{"id":11477,"date":"2017-08-07T14:59:31","date_gmt":"2017-08-07T12:59:31","guid":{"rendered":"http:\/\/www.iberiasports.com\/trainingslager\/schwimmen\/lloret-de-mar-2\/"},"modified":"2025-12-04T12:43:44","modified_gmt":"2025-12-04T11:43:44","slug":"salou","status":"publish","type":"page","link":"https:\/\/www.iberiasports.com\/de\/trainingslager\/schwimmen\/salou\/","title":{"rendered":"Schwimmtrainingslager in Salou"},"content":{"rendered":"","protected":false},"excerpt":{"rendered":"<h5>Schwimmtrainingslager in Salou<\/h5>\n<p>Salou befindet sich in der Provinz Tarragona, in vollem Umfang Costa Dorada und es ist ein ideales Reiseziel f\u00fcr diejenigen, die nach Strand, Sonne, Wasser und Spa\u00df suchen, besonders in den Sommermonaten, wenn der Ort aus offensichtlichen Gr\u00fcnden am beliebtesten ist. Abgesehen von den Str\u00e4nden (die sp\u00e4ter besprochen werden) zeichnet sich Salou durch eine der wichtigsten Hafenaktivit\u00e4ten in Nordspanien aus. Die Schwimmanlage ist perfekt geeignet f\u00fcr die Sommermonate.<\/p>\n","protected":false},"author":9,"featured_media":14552,"parent":3236,"menu_order":0,"comment_status":"closed","ping_status":"closed","template":"","meta":{"_acf_changed":false,"_monsterinsights_skip_tracking":false,"_monsterinsights_sitenote_active":false,"_monsterinsights_sitenote_note":"","_monsterinsights_sitenote_category":0,"footnotes":""},"class_list":["post-11477","page","type-page","status-publish","has-post-thumbnail","hentry"],"acf":[],"_links":{"self":[{"href":"https:\/\/www.iberiasports.com\/de\/wp-json\/wp\/v2\/pages\/11477","targetHints":{"allow":["GET"]}}],"collection":[{"href":"https:\/\/www.iberiasports.com\/de\/wp-json\/wp\/v2\/pages"}],"about":[{"href":"https:\/\/www.iberiasports.com\/de\/wp-json\/wp\/v2\/types\/page"}],"author":[{"embeddable":true,"href":"https:\/\/www.iberiasports.com\/de\/wp-json\/wp\/v2\/users\/9"}],"replies":[{"embeddable":true,"href":"https:\/\/www.iberiasports.com\/de\/wp-json\/wp\/v2\/comments?post=11477"}],"version-history":[{"count":3,"href":"https:\/\/www.iberiasports.com\/de\/wp-json\/wp\/v2\/pages\/11477\/revisions"}],"predecessor-version":[{"id":16471,"href":"https:\/\/www.iberiasports.com\/de\/wp-json\/wp\/v2\/pages\/11477\/revisions\/16471"}],"up":[{"embeddable":true,"href":"https:\/\/www.iberiasports.com\/de\/wp-json\/wp\/v2\/pages\/3236"}],"wp:featuredmedia":[{"embeddable":true,"href":"https:\/\/www.iberiasports.com\/de\/wp-json\/wp\/v2\/media\/14552"}],"wp:attachment":[{"href":"https:\/\/www.iberiasports.com\/de\/wp-json\/wp\/v2\/media?parent=11477"}],"curies":[{"name":"wp","href":"https:\/\/api.w.org\/{rel}","templated":true}]}}