{"id":10709,"date":"2017-08-07T13:41:54","date_gmt":"2017-08-07T11:41:54","guid":{"rendered":"http:\/\/www.iberiasports.com\/trainingslager\/leichtathletik\/lloret-de-mar-2\/"},"modified":"2025-12-04T12:29:42","modified_gmt":"2025-12-04T11:29:42","slug":"malaga","status":"publish","type":"page","link":"https:\/\/www.iberiasports.com\/de\/trainingslager\/leichtathletik\/malaga\/","title":{"rendered":"Leichtathletik Trainingslager in Malaga"},"content":{"rendered":"","protected":false},"excerpt":{"rendered":"<h5>Leichtathletik Trainingslager in Malaga<\/h5>\n<p>Die Zeiten, als M\u00e1laga kaum mehr war als ein Umschlagplatz f\u00fcr die Urlauber der Costa del Sol, sind l\u00e4ngst Vergangenheit. Seit 2003 das lang ersehnte\u00a0<span class=\"cntapi-key-assetId\">Picasso-Museum<\/span>seine Pforte ge\u00f6ffnet hat, wurden im historischen Zentrum Altbauten saniert und immer mehr Stra\u00dfen erwachten als h\u00fcbsche Flanier- und Einkaufsmeilen zu neuem Leben. Bestes Klima erm\u00f6glichen Top Bedingungen f\u00fcr ein Leichtathletik Trainingslager.<\/p>\n","protected":false},"author":9,"featured_media":14510,"parent":3503,"menu_order":0,"comment_status":"closed","ping_status":"closed","template":"","meta":{"_acf_changed":false,"_monsterinsights_skip_tracking":false,"_monsterinsights_sitenote_active":false,"_monsterinsights_sitenote_note":"","_monsterinsights_sitenote_category":0,"footnotes":""},"class_list":["post-10709","page","type-page","status-publish","has-post-thumbnail","hentry"],"acf":[],"_links":{"self":[{"href":"https:\/\/www.iberiasports.com\/de\/wp-json\/wp\/v2\/pages\/10709","targetHints":{"allow":["GET"]}}],"collection":[{"href":"https:\/\/www.iberiasports.com\/de\/wp-json\/wp\/v2\/pages"}],"about":[{"href":"https:\/\/www.iberiasports.com\/de\/wp-json\/wp\/v2\/types\/page"}],"author":[{"embeddable":true,"href":"https:\/\/www.iberiasports.com\/de\/wp-json\/wp\/v2\/users\/9"}],"replies":[{"embeddable":true,"href":"https:\/\/www.iberiasports.com\/de\/wp-json\/wp\/v2\/comments?post=10709"}],"version-history":[{"count":4,"href":"https:\/\/www.iberiasports.com\/de\/wp-json\/wp\/v2\/pages\/10709\/revisions"}],"predecessor-version":[{"id":16430,"href":"https:\/\/www.iberiasports.com\/de\/wp-json\/wp\/v2\/pages\/10709\/revisions\/16430"}],"up":[{"embeddable":true,"href":"https:\/\/www.iberiasports.com\/de\/wp-json\/wp\/v2\/pages\/3503"}],"wp:featuredmedia":[{"embeddable":true,"href":"https:\/\/www.iberiasports.com\/de\/wp-json\/wp\/v2\/media\/14510"}],"wp:attachment":[{"href":"https:\/\/www.iberiasports.com\/de\/wp-json\/wp\/v2\/media?parent=10709"}],"curies":[{"name":"wp","href":"https:\/\/api.w.org\/{rel}","templated":true}]}}